{"id":814,"date":"2014-09-18T08:42:28","date_gmt":"2014-09-18T06:42:28","guid":{"rendered":"http:\/\/new.tec100.se\/?page_id=814"},"modified":"2026-04-22T15:52:52","modified_gmt":"2026-04-22T14:52:52","slug":"sponsors-2","status":"publish","type":"page","link":"https:\/\/new.tec100.se\/?page_id=814","title":{"rendered":"Sponsorer"},"content":{"rendered":"<h1 style=\"text-align: center;\"><span style=\"color: #000000;\">SPONSORS<\/span><\/h1>\n<div id=\"Sponsors\">\n<p style=\"text-align: center;\">\n<p><a href=\"https:\/\/umarasports.com\/sv-SE\" rel=\"attachment wp-att-8914\"><img data-attachment-id=\"8914\" data-permalink=\"https:\/\/new.tec100.se\/?attachment_id=8914\" data-orig-file=\"https:\/\/i0.wp.com\/new.tec100.se\/wp-content\/uploads\/2026\/04\/u-prim-logos-1.jpeg?fit=1920%2C960&amp;ssl=1\" data-orig-size=\"1920,960\" data-comments-opened=\"0\" data-image-meta=\"{&quot;aperture&quot;:&quot;0&quot;,&quot;credit&quot;:&quot;&quot;,&quot;camera&quot;:&quot;&quot;,&quot;caption&quot;:&quot;&quot;,&quot;created_timestamp&quot;:&quot;0&quot;,&quot;copyright&quot;:&quot;&quot;,&quot;focal_length&quot;:&quot;0&quot;,&quot;iso&quot;:&quot;0&quot;,&quot;shutter_speed&quot;:&quot;0&quot;,&quot;title&quot;:&quot;&quot;,&quot;orientation&quot;:&quot;0&quot;}\" data-image-title=\"u-prim-logos (1)\" data-image-description=\"\" data-image-caption=\"\" data-medium-file=\"https:\/\/i0.wp.com\/new.tec100.se\/wp-content\/uploads\/2026\/04\/u-prim-logos-1.jpeg?fit=300%2C150&amp;ssl=1\" data-large-file=\"https:\/\/i0.wp.com\/new.tec100.se\/wp-content\/uploads\/2026\/04\/u-prim-logos-1.jpeg?fit=700%2C350&amp;ssl=1\" decoding=\"async\" loading=\"lazy\" class=\"aligncenter size-medium wp-image-8914\" src=\"https:\/\/i0.wp.com\/new.tec100.se\/wp-content\/uploads\/2026\/04\/u-prim-logos-1.jpeg?resize=300%2C150&#038;ssl=1\" alt=\"\" width=\"300\" height=\"150\" srcset=\"https:\/\/i0.wp.com\/new.tec100.se\/wp-content\/uploads\/2026\/04\/u-prim-logos-1.jpeg?resize=300%2C150&amp;ssl=1 300w, https:\/\/i0.wp.com\/new.tec100.se\/wp-content\/uploads\/2026\/04\/u-prim-logos-1.jpeg?resize=1024%2C512&amp;ssl=1 1024w, https:\/\/i0.wp.com\/new.tec100.se\/wp-content\/uploads\/2026\/04\/u-prim-logos-1.jpeg?resize=768%2C384&amp;ssl=1 768w, https:\/\/i0.wp.com\/new.tec100.se\/wp-content\/uploads\/2026\/04\/u-prim-logos-1.jpeg?resize=1536%2C768&amp;ssl=1 1536w, https:\/\/i0.wp.com\/new.tec100.se\/wp-content\/uploads\/2026\/04\/u-prim-logos-1.jpeg?w=1920&amp;ssl=1 1920w, https:\/\/i0.wp.com\/new.tec100.se\/wp-content\/uploads\/2026\/04\/u-prim-logos-1.jpeg?w=1400&amp;ssl=1 1400w\" sizes=\"(max-width: 300px) 100vw, 300px\" data-recalc-dims=\"1\" \/><\/a><a href=\"https:\/\/www.linkedin.com\/in\/davidsundvall\/\"><img data-attachment-id=\"8915\" data-permalink=\"https:\/\/new.tec100.se\/?attachment_id=8915\" data-orig-file=\"https:\/\/i0.wp.com\/new.tec100.se\/wp-content\/uploads\/2026\/04\/FullLogo_Transparent-3.png?fit=1280%2C1024&amp;ssl=1\" data-orig-size=\"1280,1024\" data-comments-opened=\"0\" data-image-meta=\"{&quot;aperture&quot;:&quot;0&quot;,&quot;credit&quot;:&quot;&quot;,&quot;camera&quot;:&quot;&quot;,&quot;caption&quot;:&quot;&quot;,&quot;created_timestamp&quot;:&quot;0&quot;,&quot;copyright&quot;:&quot;&quot;,&quot;focal_length&quot;:&quot;0&quot;,&quot;iso&quot;:&quot;0&quot;,&quot;shutter_speed&quot;:&quot;0&quot;,&quot;title&quot;:&quot;&quot;,&quot;orientation&quot;:&quot;0&quot;}\" data-image-title=\"FullLogo_Transparent (3)\" data-image-description=\"\" data-image-caption=\"\" data-medium-file=\"https:\/\/i0.wp.com\/new.tec100.se\/wp-content\/uploads\/2026\/04\/FullLogo_Transparent-3.png?fit=300%2C240&amp;ssl=1\" data-large-file=\"https:\/\/i0.wp.com\/new.tec100.se\/wp-content\/uploads\/2026\/04\/FullLogo_Transparent-3.png?fit=700%2C560&amp;ssl=1\" decoding=\"async\" loading=\"lazy\" class=\"aligncenter size-medium wp-image-8915\" src=\"https:\/\/i0.wp.com\/new.tec100.se\/wp-content\/uploads\/2026\/04\/FullLogo_Transparent-3.png?resize=300%2C240&#038;ssl=1\" alt=\"\" width=\"300\" height=\"240\" srcset=\"https:\/\/i0.wp.com\/new.tec100.se\/wp-content\/uploads\/2026\/04\/FullLogo_Transparent-3.png?resize=300%2C240&amp;ssl=1 300w, https:\/\/i0.wp.com\/new.tec100.se\/wp-content\/uploads\/2026\/04\/FullLogo_Transparent-3.png?resize=1024%2C819&amp;ssl=1 1024w, https:\/\/i0.wp.com\/new.tec100.se\/wp-content\/uploads\/2026\/04\/FullLogo_Transparent-3.png?resize=768%2C614&amp;ssl=1 768w, https:\/\/i0.wp.com\/new.tec100.se\/wp-content\/uploads\/2026\/04\/FullLogo_Transparent-3.png?w=1280&amp;ssl=1 1280w\" sizes=\"(max-width: 300px) 100vw, 300px\" data-recalc-dims=\"1\" \/><\/a><\/p>\n<\/div>\n","protected":false},"excerpt":{"rendered":"<p>SPONSORS<\/p>\n","protected":false},"author":1,"featured_media":0,"parent":0,"menu_order":0,"comment_status":"closed","ping_status":"closed","template":"","meta":{"jetpack_post_was_ever_published":false},"jetpack_sharing_enabled":true,"jetpack_shortlink":"https:\/\/wp.me\/P6LPeb-d8","jetpack-related-posts":[{"id":10,"url":"https:\/\/new.tec100.se\/?page_id=10","url_meta":{"origin":814,"position":0},"title":"Resultat","author":"admin","date":"October 20, 2011","format":false,"excerpt":"Resultat TEC 2020 Varvtider TEC 2020 Vi vill tacka alla funktion\u00e4rer som arbetat h\u00e5rt f\u00f6re, under och efter loppet. Vi vill ocks\u00e5 tacka v\u00e5ra sponsorer och samarbetspartners som genom att bidra med energidryck, saker till buff\u00e9bordet, rabatter etc. Stort tack till er l\u00f6pare, utan er ingen t\u00e4vling med blod, svett\u2026","rel":"","context":"Similar post","block_context":{"text":"Similar post","link":""},"img":{"alt_text":"","src":"","width":0,"height":0},"classes":[]},{"id":8,"url":"https:\/\/new.tec100.se\/?page_id=8","url_meta":{"origin":814,"position":1},"title":"Information","author":"admin","date":"October 20, 2011","format":false,"excerpt":"T\u00e4by Extreme Challenge 2027 --> 16-18 april, anm\u00e4lan \u00f6ppnar i juni. Start 200 miles \u00e4r klockan 10:00 fredagen och m\u00e5let st\u00e4nger 54 timmar senare p\u00e5 s\u00f6ndagen (16.00). Start TEC Backyard \u00e4r klockan 18.00 fredagen, varje hel timme g\u00e5r ny start p\u00e5 banan som m\u00e4ter 6,7km och m\u00e5let st\u00e4nger 46 timmar\u2026","rel":"","context":"Similar post","block_context":{"text":"Similar post","link":""},"img":{"alt_text":"","src":"","width":0,"height":0},"classes":[]}],"_links":{"self":[{"href":"https:\/\/new.tec100.se\/index.php?rest_route=\/wp\/v2\/pages\/814"}],"collection":[{"href":"https:\/\/new.tec100.se\/index.php?rest_route=\/wp\/v2\/pages"}],"about":[{"href":"https:\/\/new.tec100.se\/index.php?rest_route=\/wp\/v2\/types\/page"}],"author":[{"embeddable":true,"href":"https:\/\/new.tec100.se\/index.php?rest_route=\/wp\/v2\/users\/1"}],"replies":[{"embeddable":true,"href":"https:\/\/new.tec100.se\/index.php?rest_route=%2Fwp%2Fv2%2Fcomments&post=814"}],"version-history":[{"count":19,"href":"https:\/\/new.tec100.se\/index.php?rest_route=\/wp\/v2\/pages\/814\/revisions"}],"predecessor-version":[{"id":8923,"href":"https:\/\/new.tec100.se\/index.php?rest_route=\/wp\/v2\/pages\/814\/revisions\/8923"}],"wp:attachment":[{"href":"https:\/\/new.tec100.se\/index.php?rest_route=%2Fwp%2Fv2%2Fmedia&parent=814"}],"curies":[{"name":"wp","href":"https:\/\/api.w.org\/{rel}","templated":true}]}}