{"id":61,"date":"2011-10-30T11:23:18","date_gmt":"2011-10-30T11:23:18","guid":{"rendered":"http:\/\/new.tec100.se\/?page_id=61"},"modified":"2017-03-29T00:30:21","modified_gmt":"2017-03-28T22:30:21","slug":"galleri-fran-tidigare-tec","status":"publish","type":"page","link":"https:\/\/new.tec100.se\/?page_id=61","title":{"rendered":"Galleri"},"content":{"rendered":"<p>Om du har foton som du vill dela med dig av, skicka dem g\u00e4rna till tec@tec100.se<\/p>\n<p>If you have photos that you would like to share, please send them to tec@tec100.se<\/p>\n","protected":false},"excerpt":{"rendered":"<p>Om du har foton som du vill dela med dig av, skicka dem g\u00e4rna till tec@tec100.se If you have photos that you would like to share, please send them to tec@tec100.se<\/p>\n","protected":false},"author":1,"featured_media":0,"parent":0,"menu_order":0,"comment_status":"closed","ping_status":"closed","template":"","meta":{"jetpack_post_was_ever_published":false},"jetpack_sharing_enabled":true,"jetpack_shortlink":"https:\/\/wp.me\/P6LPeb-Z","jetpack-related-posts":[{"id":1007,"url":"https:\/\/new.tec100.se\/?page_id=1007","url_meta":{"origin":61,"position":0},"title":"TEC 2015","author":"admin","date":"December 11, 2015","format":false,"excerpt":"","rel":"","context":"Similar post","block_context":{"text":"Similar post","link":""},"img":{"alt_text":"","src":"https:\/\/i0.wp.com\/new.tec100.se\/wp-content\/uploads\/2015\/12\/DSC_5516.jpg?resize=350%2C200","width":350,"height":200},"classes":[]},{"id":1341,"url":"https:\/\/new.tec100.se\/?page_id=1341","url_meta":{"origin":61,"position":1},"title":"TEC 2016","author":"admin","date":"March 29, 2017","format":false,"excerpt":"Part of the 11.5 km track.","rel":"","context":"Similar post","block_context":{"text":"Similar post","link":""},"img":{"alt_text":"","src":"https:\/\/i0.wp.com\/new.tec100.se\/wp-content\/uploads\/2016\/08\/DSC_7299.jpg?resize=350%2C200","width":350,"height":200},"classes":[]},{"id":11,"url":"https:\/\/new.tec100.se\/?page_id=11","url_meta":{"origin":61,"position":2},"title":"Kontakt","author":"admin","date":"October 20, 2011","format":false,"excerpt":"Skicka ett e-mail till tec@tec100.se eller fyll i kontaktformul\u00e4ret nedan. Send an e-mail to\u00a0tec@tec100.se\u00a0or fill in the form below. T\u00e4vlingsledare f\u00f6r T\u00e4by Extreme Challange \u00e4r David Sundvall \u00a0","rel":"","context":"Similar post","block_context":{"text":"Similar post","link":""},"img":{"alt_text":"","src":"","width":0,"height":0},"classes":[]},{"id":4226,"url":"https:\/\/new.tec100.se\/?page_id=4226","url_meta":{"origin":61,"position":3},"title":"Resultat 2023","author":"admin","date":"April 26, 2023","format":false,"excerpt":"Resultat TEC 2023 Varvtider TEC 2023","rel":"","context":"Similar post","block_context":{"text":"Similar post","link":""},"img":{"alt_text":"","src":"","width":0,"height":0},"classes":[]},{"id":2229,"url":"https:\/\/new.tec100.se\/?page_id=2229","url_meta":{"origin":61,"position":4},"title":"Resultat 2020","author":"admin","date":"October 14, 2020","format":false,"excerpt":"Resultat TEC 2020 Laps TEC 2020 \u00a0","rel":"","context":"Similar post","block_context":{"text":"Similar post","link":""},"img":{"alt_text":"","src":"","width":0,"height":0},"classes":[]},{"id":1398,"url":"https:\/\/new.tec100.se\/?page_id=1398","url_meta":{"origin":61,"position":5},"title":"Resultat 2016","author":"admin","date":"April 25, 2017","format":false,"excerpt":"Resultat TEC 2016(1) varvtider TEC 2016","rel":"","context":"Similar post","block_context":{"text":"Similar post","link":""},"img":{"alt_text":"","src":"","width":0,"height":0},"classes":[]}],"_links":{"self":[{"href":"https:\/\/new.tec100.se\/index.php?rest_route=\/wp\/v2\/pages\/61"}],"collection":[{"href":"https:\/\/new.tec100.se\/index.php?rest_route=\/wp\/v2\/pages"}],"about":[{"href":"https:\/\/new.tec100.se\/index.php?rest_route=\/wp\/v2\/types\/page"}],"author":[{"embeddable":true,"href":"https:\/\/new.tec100.se\/index.php?rest_route=\/wp\/v2\/users\/1"}],"replies":[{"embeddable":true,"href":"https:\/\/new.tec100.se\/index.php?rest_route=%2Fwp%2Fv2%2Fcomments&post=61"}],"version-history":[{"count":10,"href":"https:\/\/new.tec100.se\/index.php?rest_route=\/wp\/v2\/pages\/61\/revisions"}],"predecessor-version":[{"id":1344,"href":"https:\/\/new.tec100.se\/index.php?rest_route=\/wp\/v2\/pages\/61\/revisions\/1344"}],"wp:attachment":[{"href":"https:\/\/new.tec100.se\/index.php?rest_route=%2Fwp%2Fv2%2Fmedia&parent=61"}],"curies":[{"name":"wp","href":"https:\/\/api.w.org\/{rel}","templated":true}]}}