{"id":309,"date":"2012-04-17T19:01:49","date_gmt":"2012-04-17T17:01:49","guid":{"rendered":"http:\/\/new.tec100.se\/?page_id=309"},"modified":"2016-08-30T14:14:08","modified_gmt":"2016-08-30T12:14:08","slug":"resultat-2012","status":"publish","type":"page","link":"https:\/\/new.tec100.se\/?page_id=309","title":{"rendered":"Resultat 2012"},"content":{"rendered":"<p>&nbsp;<\/p>\n<p>&nbsp;<\/p>\n<p><strong>Damer 100 miles<\/strong><\/p>\n<table style=\"width: 461px;\" border=\"0\" cellspacing=\"0\" cellpadding=\"0\">\n<colgroup>\n<col width=\"64\" \/>\n<col width=\"169\" \/>\n<col width=\"157\" \/>\n<col width=\"71\" \/><\/colgroup>\n<tbody>\n<tr>\n<td style=\"text-align: left;\" width=\"64\" height=\"17\"><strong>Plac<\/strong><\/td>\n<td width=\"169\"><strong>Nanmn<\/strong><\/td>\n<td width=\"157\"><strong>Klubb\/ort<\/strong><\/td>\n<td width=\"71\"><strong>Tid<\/strong><\/td>\n<\/tr>\n<tr>\n<td style=\"text-align: left;\" align=\"right\" height=\"20\">1<\/td>\n<td>Grundahl Anna<\/td>\n<td>IF Linnea<\/td>\n<td>17:30:59<\/td>\n<\/tr>\n<tr>\n<td style=\"text-align: left;\" align=\"right\" height=\"20\">2<\/td>\n<td>\u00d6jefelt Laila<\/td>\n<td>Borl\u00e4nge L\u00f6parklubb<\/td>\n<td>20:31:48<\/td>\n<\/tr>\n<tr>\n<td style=\"text-align: left;\" align=\"right\" height=\"20\">3<\/td>\n<td>Nilsson Barbro<\/td>\n<td>Solvikingarna<\/td>\n<td>23:31:26<\/td>\n<\/tr>\n<tr>\n<td style=\"text-align: left;\" align=\"right\" height=\"20\">4<\/td>\n<td>Blese Dace<\/td>\n<td>Riga<\/td>\n<td>25:48:23<\/td>\n<\/tr>\n<tr>\n<td style=\"text-align: left;\" align=\"right\" height=\"20\">5<\/td>\n<td>Bor\u00e9n Carina<\/td>\n<td>IF Linnea<\/td>\n<td>28:54:50<\/td>\n<\/tr>\n<tr>\n<td style=\"text-align: left;\" align=\"right\" height=\"20\">6<\/td>\n<td>Bjerknes Marit K. Berg<\/td>\n<td>Fetsund<\/td>\n<td>29:26:25<\/td>\n<\/tr>\n<\/tbody>\n<\/table>\n<p><strong>Herrar 100 miles<\/strong><\/p>\n<table style=\"width: 604px;\" border=\"0\" cellspacing=\"0\" cellpadding=\"0\">\n<colgroup>\n<col width=\"64\" \/>\n<col width=\"193\" \/>\n<col width=\"276\" \/>\n<col width=\"71\" \/><\/colgroup>\n<tbody>\n<tr>\n<td width=\"64\" height=\"17\"><strong>Plac<\/strong><\/td>\n<td width=\"193\"><strong>Namn<\/strong><\/td>\n<td width=\"276\"><strong>Klubb\/ort<\/strong><\/td>\n<td width=\"71\"><strong>Tid<\/strong><\/td>\n<\/tr>\n<tr>\n<td style=\"text-align: left;\" align=\"right\" height=\"20\">1<\/td>\n<td>Orsv\u00e4rn Sten<\/td>\n<td>Stockholm City Triathlon<\/td>\n<td>17:24:20<\/td>\n<\/tr>\n<tr>\n<td style=\"text-align: left;\" align=\"right\" height=\"20\">2<\/td>\n<td>Steene Johan<\/td>\n<td>Team Teqnion<\/td>\n<td>19:20:27<\/td>\n<\/tr>\n<tr>\n<td style=\"text-align: left;\" align=\"right\" height=\"20\">3<\/td>\n<td>Gyllebring Torbj\u00f6rn<\/td>\n<td>Stockholm<\/td>\n<td>19:26:36<\/td>\n<\/tr>\n<tr>\n<td style=\"text-align: left;\" align=\"right\" height=\"20\">4<\/td>\n<td>S\u00f6derlund Emil<\/td>\n<td>IF \u00c5land<\/td>\n<td>20:00:15<\/td>\n<\/tr>\n<tr>\n<td style=\"text-align: left;\" align=\"right\" height=\"20\">5<\/td>\n<td>Gustafsson Ola<\/td>\n<td>Tran\u00e5s<\/td>\n<td>20:18:01<\/td>\n<\/tr>\n<tr>\n<td style=\"text-align: left;\" align=\"right\" height=\"20\">6<\/td>\n<td>Nyk\u00e4nen Tero<\/td>\n<td>Stockholm<\/td>\n<td>20:56:16<\/td>\n<\/tr>\n<tr>\n<td style=\"text-align: left;\" align=\"right\" height=\"20\">7<\/td>\n<td>Persson Johan<\/td>\n<td>S\u00f6derby<\/td>\n<td>21:02:46<\/td>\n<\/tr>\n<tr>\n<td style=\"text-align: left;\" align=\"right\" height=\"20\">8<\/td>\n<td>Berglin Kristian<\/td>\n<td>NextJet<\/td>\n<td>21:10:21<\/td>\n<\/tr>\n<tr>\n<td style=\"text-align: left;\" align=\"right\" height=\"20\">9<\/td>\n<td>Welling Petri<\/td>\n<td>Endurance Ultrarunning Team Finland<\/td>\n<td>21:18:18<\/td>\n<\/tr>\n<tr>\n<td style=\"text-align: left;\" align=\"right\" height=\"20\">10<\/td>\n<td>Johansson Per<\/td>\n<td>Sundsvalls OK<\/td>\n<td>21:54:21<\/td>\n<\/tr>\n<tr>\n<td style=\"text-align: left;\" align=\"right\" height=\"20\">11<\/td>\n<td>Bergstr\u00f6m Fredrik<\/td>\n<td>G\u00e4vle Triathlon Klubb<\/td>\n<td>22:27:00<\/td>\n<\/tr>\n<tr>\n<td style=\"text-align: left;\" align=\"right\" height=\"20\">12<\/td>\n<td>Brantvall Jonas<\/td>\n<td>Kimtad GoIF<\/td>\n<td>22:34:07<\/td>\n<\/tr>\n<tr>\n<td style=\"text-align: left;\" align=\"right\" height=\"20\">13<\/td>\n<td>Johansson Bo<\/td>\n<td>V\u00e4ster\u00e5s LK<\/td>\n<td>22:39:39<\/td>\n<\/tr>\n<tr>\n<td style=\"text-align: left;\" align=\"right\" height=\"20\">14<\/td>\n<td>Ramstr\u00f6m Jan-Erik<\/td>\n<td>Stockholm L\u00e5ngdistansklubb<\/td>\n<td>23:40:56<\/td>\n<\/tr>\n<tr>\n<td style=\"text-align: left;\" align=\"right\" height=\"20\">15<\/td>\n<td>Yeoh Freddy<\/td>\n<td>Singapore<\/td>\n<td>24:41:04<\/td>\n<\/tr>\n<tr>\n<td style=\"text-align: left;\" align=\"right\" height=\"20\">16<\/td>\n<td>Jelander Anders<\/td>\n<td>Ingen Klubb<\/td>\n<td>25:48:23<\/td>\n<\/tr>\n<tr>\n<td style=\"text-align: left;\" align=\"right\" height=\"20\">17<\/td>\n<td>Becker Daniel<\/td>\n<td>Stockholm<\/td>\n<td>28:34:39<\/td>\n<\/tr>\n<tr>\n<td style=\"text-align: left;\" align=\"right\" height=\"20\">18<\/td>\n<td>Kronstad Knut<\/td>\n<td>Romerike Ultraklubb<\/td>\n<td>29:26:25<\/td>\n<\/tr>\n<\/tbody>\n<\/table>\n<p>&nbsp;<\/p>\n<p><strong>Damer 50 miles<\/strong><\/p>\n<table style=\"width: 381px;\" border=\"0\" cellspacing=\"0\" cellpadding=\"0\">\n<colgroup>\n<col width=\"64\" \/>\n<col width=\"152\" \/>\n<col width=\"94\" \/>\n<col width=\"71\" \/><\/colgroup>\n<tbody>\n<tr>\n<td width=\"64\" height=\"17\"><strong>Plac<\/strong><\/td>\n<td width=\"152\"><strong>Namn<\/strong><\/td>\n<td width=\"94\"><strong>Klubb\/ort<\/strong><\/td>\n<td width=\"71\"><strong>Tid<\/strong><\/td>\n<\/tr>\n<tr>\n<td style=\"text-align: left;\" align=\"right\" height=\"20\">1<\/td>\n<td>Hernandez Beatrice<\/td>\n<td>G\u00f6teborg<\/td>\n<td>8:38:17<\/td>\n<\/tr>\n<tr>\n<td style=\"text-align: left;\" align=\"right\" height=\"20\">2<\/td>\n<td>Sundberg Anne<\/td>\n<td>V\u00e4nn\u00e4s SK<\/td>\n<td>9:41:34<\/td>\n<\/tr>\n<tr>\n<td style=\"text-align: left;\" align=\"right\" height=\"20\">3<\/td>\n<td>Forsmark Ann-Sofie<\/td>\n<td>Sundbyberg<\/td>\n<td>9:58:22<\/td>\n<\/tr>\n<tr>\n<td style=\"text-align: left;\" align=\"right\" height=\"20\">4<\/td>\n<td>Bengtsson Elisabet<\/td>\n<td>Tungelsta<\/td>\n<td>11:51:06<\/td>\n<\/tr>\n<tr>\n<td style=\"text-align: left;\" align=\"right\" height=\"20\">5<\/td>\n<td>Carlsson E Maria<\/td>\n<td>IF LInn\u00e9a<\/td>\n<td>12:41:10<\/td>\n<\/tr>\n<tr>\n<td style=\"text-align: left;\" align=\"right\" height=\"20\">6<\/td>\n<td>Jansson Anna<\/td>\n<td>Uppsala<\/td>\n<td>13:02:00<\/td>\n<\/tr>\n<tr>\n<td style=\"text-align: left;\" align=\"right\" height=\"20\">7<\/td>\n<td>Westfelt Ellen<\/td>\n<td>\u00c5kersberga<\/td>\n<td>17:10:18<\/td>\n<\/tr>\n<\/tbody>\n<\/table>\n<p>&nbsp;<\/p>\n<p><strong>Herrar 50 miles<\/strong><\/p>\n<table style=\"width: 497px;\" border=\"0\" cellspacing=\"0\" cellpadding=\"0\">\n<colgroup>\n<col width=\"64\" \/>\n<col span=\"2\" width=\"181\" \/>\n<col width=\"71\" \/><\/colgroup>\n<tbody>\n<tr>\n<td width=\"64\" height=\"21\"><strong>Plac<\/strong><\/td>\n<td width=\"181\"><strong>Namn<\/strong><\/td>\n<td width=\"181\"><strong>Klubb\/ort<\/strong><\/td>\n<td width=\"71\"><strong>Tid<\/strong><\/td>\n<\/tr>\n<tr>\n<td style=\"text-align: left;\" align=\"right\" height=\"20\">1<\/td>\n<td>Andersson Magnus<\/td>\n<td>SMUG Runners<\/td>\n<td>7:44:16<\/td>\n<\/tr>\n<tr>\n<td style=\"text-align: left;\" align=\"right\" height=\"20\">2<\/td>\n<td>Bjelkmar P\u00e4r<\/td>\n<td>Puppy Triathlete Society<\/td>\n<td>8:26:04<\/td>\n<\/tr>\n<tr>\n<td style=\"text-align: left;\" align=\"right\" height=\"20\">3<\/td>\n<td>Gylesj\u00f6 Roine<\/td>\n<td>Link\u00f6ping<\/td>\n<td>8:33:24<\/td>\n<\/tr>\n<tr>\n<td style=\"text-align: left;\" align=\"right\" height=\"20\">4<\/td>\n<td>Alm Edward<\/td>\n<td>Stockholm<\/td>\n<td>8:36:42<\/td>\n<\/tr>\n<tr>\n<td style=\"text-align: left;\" align=\"right\" height=\"20\">5<\/td>\n<td>R\u00f6stlund Tobias<\/td>\n<td>Streckl\u00f6pet<\/td>\n<td>8:44:48<\/td>\n<\/tr>\n<tr>\n<td style=\"text-align: left;\" align=\"right\" height=\"20\">6<\/td>\n<td>Skog Daniel<\/td>\n<td>Team 11433.net<\/td>\n<td>9:13:50<\/td>\n<\/tr>\n<tr>\n<td style=\"text-align: left;\" align=\"right\" height=\"20\">7<\/td>\n<td>Bengtsson Thomas<\/td>\n<td>Lonesome Runners<\/td>\n<td>9:24:27<\/td>\n<\/tr>\n<tr>\n<td style=\"text-align: left;\" align=\"right\" height=\"20\">8<\/td>\n<td>Qvarnstr\u00f6m Hans<\/td>\n<td>Ockelbo<\/td>\n<td>9:53:26<\/td>\n<\/tr>\n<tr>\n<td style=\"text-align: left;\" align=\"right\" height=\"20\">9<\/td>\n<td>Gustavsson Henrik<\/td>\n<td>Tungelsta<\/td>\n<td>10:08:28<\/td>\n<\/tr>\n<tr>\n<td style=\"text-align: left;\" align=\"right\" height=\"20\">10<\/td>\n<td>Liljegren Mats<\/td>\n<td>Team Skavs\u00e5ret IF<\/td>\n<td>10:10:58<\/td>\n<\/tr>\n<tr>\n<td style=\"text-align: left;\" align=\"right\" height=\"20\">11<\/td>\n<td>Markeryd Pontus<\/td>\n<td>T\u00e4by<\/td>\n<td>10:12:12<\/td>\n<\/tr>\n<tr>\n<td style=\"text-align: left;\" align=\"right\" height=\"20\">12<\/td>\n<td>Lindquist David<\/td>\n<td>Solna<\/td>\n<td>10:31:57<\/td>\n<\/tr>\n<tr>\n<td style=\"text-align: left;\" align=\"right\" height=\"20\">13<\/td>\n<td>Holmgren David<\/td>\n<td>Huddinge<\/td>\n<td>10:48:03<\/td>\n<\/tr>\n<tr>\n<td style=\"text-align: left;\" align=\"right\" height=\"20\">14<\/td>\n<td>Ewetz Thomas<\/td>\n<td>Link\u00f6ping<\/td>\n<td>10:52:38<\/td>\n<\/tr>\n<tr>\n<td style=\"text-align: left;\" align=\"right\" height=\"20\">15<\/td>\n<td>Jansson Hans<\/td>\n<td>Vilsta IK<\/td>\n<td>11:07:21<\/td>\n<\/tr>\n<tr>\n<td style=\"text-align: left;\" align=\"right\" height=\"20\">16<\/td>\n<td>Andersson Mikael<\/td>\n<td>G\u00e4vle<\/td>\n<td>11:10:05<\/td>\n<\/tr>\n<tr>\n<td style=\"text-align: left;\" align=\"right\" height=\"20\">17<\/td>\n<td>Ross\u00e4ng Urban<\/td>\n<td>J\u00e4rf\u00e4lla<\/td>\n<td>11:33:22<\/td>\n<\/tr>\n<tr>\n<td style=\"text-align: left;\" align=\"right\" height=\"20\">18<\/td>\n<td>Kelloniemi Rikard<\/td>\n<td>Siml\u00e5ngsdalens IF<\/td>\n<td>11:44:36<\/td>\n<\/tr>\n<tr>\n<td style=\"text-align: left;\" align=\"right\" height=\"20\">19<\/td>\n<td>F\u00e4hn Gunnar<\/td>\n<td>Algarheim<\/td>\n<td>12:49:40<\/td>\n<\/tr>\n<\/tbody>\n<\/table>\n<p>&nbsp;<\/p>\n<p><strong>L\u00f6pare som startade i 100 mile\u00a0distansbyte resultat vid \u00a050 mile Dam<\/strong><\/p>\n<table style=\"width: 449px;\" border=\"0\" cellspacing=\"0\" cellpadding=\"0\">\n<colgroup>\n<col width=\"64\" \/>\n<col span=\"2\" width=\"157\" \/>\n<col width=\"71\" \/><\/colgroup>\n<tbody>\n<tr>\n<td width=\"64\" height=\"20\">\u00a0<\/td>\n<td width=\"157\">St\u00e5hl Annelie<\/td>\n<td width=\"157\">Stockholm<\/td>\n<td width=\"71\">12:18:32<\/td>\n<\/tr>\n<tr>\n<td height=\"20\">\u00a0<\/td>\n<td>De Geer Boel<\/td>\n<td>Hultsfreds l\u00f6parklubb<\/td>\n<td>13:18:25<\/td>\n<\/tr>\n<tr>\n<td height=\"20\">\u00a0<\/td>\n<td>Wilk \u00c5sa<\/td>\n<td>\u00c5kersberga<\/td>\n<td>14:40:17<\/td>\n<\/tr>\n<\/tbody>\n<\/table>\n<p>&nbsp;<\/p>\n<p><strong>L\u00f6pare som startade i 100 mile\u00a0distansbyte resultat vid \u00a050 mile Herr<\/strong><\/p>\n<table style=\"width: 466px;\" border=\"0\" cellspacing=\"0\" cellpadding=\"0\">\n<colgroup>\n<col width=\"64\" \/>\n<col width=\"165\" \/>\n<col width=\"166\" \/>\n<col width=\"71\" \/><\/colgroup>\n<tbody>\n<tr>\n<td width=\"64\" height=\"17\">\u00a0<\/td>\n<td width=\"165\">Namn<\/td>\n<td width=\"166\">Klubb\/ort<\/td>\n<td width=\"71\">Tid<\/td>\n<\/tr>\n<tr>\n<td height=\"20\">\u00a0<\/td>\n<td>Jonsson Thorlakur<\/td>\n<td>Kopavogur<\/td>\n<td>07:58:50<\/td>\n<\/tr>\n<tr>\n<td height=\"20\">\u00a0<\/td>\n<td>Nyg\u00e5rd Ragnar<\/td>\n<td>Sandefjord<\/td>\n<td>8:21:34<\/td>\n<\/tr>\n<tr>\n<td height=\"20\">\u00a0<\/td>\n<td>L\u00f8vstad Moses<\/td>\n<td>TEAM INOV-8<\/td>\n<td>8:24:23<\/td>\n<\/tr>\n<tr>\n<td height=\"20\">\u00a0<\/td>\n<td>\u00a0<\/td>\n<td>Stockholm<\/td>\n<td>8:36:42<\/td>\n<\/tr>\n<tr>\n<td height=\"20\">\u00a0<\/td>\n<td>Backman Christer<\/td>\n<td>Tullinge<\/td>\n<td>08:47:23<\/td>\n<\/tr>\n<tr>\n<td height=\"20\">\u00a0<\/td>\n<td>Nord Mats<\/td>\n<td>Tr\u00e5ngsund<\/td>\n<td>8:55:41<\/td>\n<\/tr>\n<tr>\n<td height=\"20\">\u00a0<\/td>\n<td>Edling Stefan<\/td>\n<td>V\u00e4sterhaninge<\/td>\n<td>8:55:41<\/td>\n<\/tr>\n<tr>\n<td height=\"20\">\u00a0<\/td>\n<td>Karlsson Markus<\/td>\n<td>IF \u00c5land<\/td>\n<td>09:15:47<\/td>\n<\/tr>\n<tr>\n<td height=\"20\">\u00a0<\/td>\n<td>Ljungberg Urban<\/td>\n<td>Handen<\/td>\n<td>09:30:57<\/td>\n<\/tr>\n<tr>\n<td height=\"20\">\u00a0<\/td>\n<td>Haglund Peter<\/td>\n<td>Holmsund<\/td>\n<td>09:32:18<\/td>\n<\/tr>\n<tr>\n<td height=\"20\">\u00a0<\/td>\n<td>Permats Patrik<\/td>\n<td>Tyreso<\/td>\n<td>9:54:31<\/td>\n<\/tr>\n<tr>\n<td height=\"20\">\u00a0<\/td>\n<td>Lauterbach Sebastian<\/td>\n<td>Team Ultrasweden LK<\/td>\n<td>9:57:09<\/td>\n<\/tr>\n<tr>\n<td height=\"20\">\u00a0<\/td>\n<td>Sergel Patrik<\/td>\n<td>Sollentuna<\/td>\n<td>10:06:52<\/td>\n<\/tr>\n<tr>\n<td height=\"20\">\u00a0<\/td>\n<td>Ek Daniel<\/td>\n<td>V\u00e4ster\u00e5s LK<\/td>\n<td>10:15:45<\/td>\n<\/tr>\n<tr>\n<td height=\"20\">\u00a0<\/td>\n<td>Nilsson Helge<\/td>\n<td>Boden<\/td>\n<td>10:19:35<\/td>\n<\/tr>\n<tr>\n<td height=\"20\">\u00a0<\/td>\n<td>Berggren Marcus<\/td>\n<td>Ljusdal<\/td>\n<td>10:28:27<\/td>\n<\/tr>\n<tr>\n<td height=\"20\">\u00a0<\/td>\n<td>Joyce Patrick<\/td>\n<td>Taby<\/td>\n<td>10:54:16<\/td>\n<\/tr>\n<tr>\n<td height=\"20\">\u00a0<\/td>\n<td>Johansson Christian<\/td>\n<td>IF Linn\u00e9a<\/td>\n<td>11:06:07<\/td>\n<\/tr>\n<tr>\n<td height=\"20\">\u00a0<\/td>\n<td>Johansson Per<\/td>\n<td>G\u00e4vle<\/td>\n<td>11:18:47<\/td>\n<\/tr>\n<tr>\n<td height=\"20\">\u00a0<\/td>\n<td>Nilsson Peter<\/td>\n<td>Sundbyberg<\/td>\n<td>11:25:55<\/td>\n<\/tr>\n<tr>\n<td height=\"20\">\u00a0<\/td>\n<td>Persson Lars-Ola<\/td>\n<td>Bromma<\/td>\n<td>11:29:52<\/td>\n<\/tr>\n<tr>\n<td height=\"20\">\u00a0<\/td>\n<td>Maasikrand Mart<\/td>\n<td>Tallinn<\/td>\n<td>11:30:00<\/td>\n<\/tr>\n<tr>\n<td height=\"20\">\u00a0<\/td>\n<td>Olsson Stefan<\/td>\n<td>Team Ultrasweden<\/td>\n<td>11:44:52<\/td>\n<\/tr>\n<tr>\n<td height=\"20\">\u00a0<\/td>\n<td>Wilk Khedron<\/td>\n<td>\u00c5kersberga<\/td>\n<td>11:57:22<\/td>\n<\/tr>\n<tr>\n<td height=\"20\">\u00a0<\/td>\n<td>Floren Patrik<\/td>\n<td>G\u00e4vle<\/td>\n<td>12:02:39<\/td>\n<\/tr>\n<tr>\n<td height=\"20\">\u00a0<\/td>\n<td>Bergstr\u00f6m Stefan<\/td>\n<td>Sundbyberg<\/td>\n<td>12:17:50<\/td>\n<\/tr>\n<tr>\n<td height=\"20\">\u00a0<\/td>\n<td>H\u00e5kansson Johan<\/td>\n<td>Norrk\u00f6ping<\/td>\n<td>12:26:16<\/td>\n<\/tr>\n<tr>\n<td height=\"20\">\u00a0<\/td>\n<td>Hernwall Patrik<\/td>\n<td>\u00c5rsta<\/td>\n<td>13:05:36<\/td>\n<\/tr>\n<tr>\n<td height=\"20\">\u00a0<\/td>\n<td>Aveholt Marcus<\/td>\n<td>Knivsta<\/td>\n<td>13:08:38<\/td>\n<\/tr>\n<tr>\n<td height=\"20\">\u00a0<\/td>\n<td>Forsberg Ove<\/td>\n<td>Triathlon V\u00e4st<\/td>\n<td>13:42:39<\/td>\n<\/tr>\n<tr>\n<td height=\"20\">\u00a0<\/td>\n<td>Sw\u00e4rdh Tommy<\/td>\n<td>LUGNVIK<\/td>\n<td>14:49:37<\/td>\n<\/tr>\n<tr>\n<td height=\"20\">\u00a0<\/td>\n<td>Eckerborn Lars<\/td>\n<td>Enhorna<\/td>\n<td>27:27:01<\/td>\n<\/tr>\n<\/tbody>\n<\/table>\n<p>&nbsp;<\/p>\n<p><a href=\"https:\/\/new.tec100.se\/wp-content\/uploads\/2012\/04\/TEC_varv_2012.xls\">Excelfil med varvtider<\/a><\/p>\n<p>&nbsp;<\/p>\n<p>&nbsp;<\/p>\n<p>&nbsp;<\/p>\n","protected":false},"excerpt":{"rendered":"<p>&nbsp; &nbsp; Damer 100 miles Plac Nanmn Klubb\/ort Tid 1 Grundahl Anna IF Linnea 17:30:59 2 \u00d6jefelt Laila Borl\u00e4nge L\u00f6parklubb 20:31:48 3 Nilsson Barbro Solvikingarna 23:31:26 4 Blese Dace Riga 25:48:23 5 Bor\u00e9n Carina IF Linnea 28:54:50 6 Bjerknes Marit&hellip; <\/p>\n","protected":false},"author":1,"featured_media":0,"parent":10,"menu_order":0,"comment_status":"closed","ping_status":"closed","template":"","meta":{"jetpack_post_was_ever_published":false},"jetpack_sharing_enabled":true,"jetpack_shortlink":"https:\/\/wp.me\/P6LPeb-4Z","jetpack-related-posts":[{"id":732,"url":"https:\/\/new.tec100.se\/?page_id=732","url_meta":{"origin":309,"position":0},"title":"Resultat 2014","author":"admin","date":"April 16, 2014","format":false,"excerpt":"Damer 50 mile Plats Namn Klubb Tid 1 Jakobsson Lena Glasrikets RC 07:27:19 2 Egnerfors Caroline Team Nordic Trail 08:13:06 3 Engelmark Katrin Johanneshov 08:24:32 4 Wretling Anna 115 20 08:52:32 5 Gothilander Jennifer G\u00f6teborg 09:05:38 6 Sabelstr\u00f6m Paula Stockholm LDK 09:20:59 7 Kallin Cecilia V\u00e4ster\u00e5s 10:11:56 8 Schelander Victoria\u2026","rel":"","context":"Similar post","block_context":{"text":"Similar post","link":""},"img":{"alt_text":"","src":"","width":0,"height":0},"classes":[]},{"id":101,"url":"https:\/\/new.tec100.se\/?page_id=101","url_meta":{"origin":309,"position":1},"title":"Resultat 2009","author":"admin","date":"November 2, 2011","format":false,"excerpt":"100 miles (160,9 km)\u00a0\u00a0\u00a0 Excelfil med mellantider \u00a0\u00a0 Herr 1 Kent Sj\u00f6lund 1957 Team Ultrasweden LK 20:17:49 \u00a0 2 Daniel Roxvret 1985 Link\u00f6ping 27:04:48 \u00a0 3 Gunnar F\u00e6hn 1949 Romerike Ultral\u00f8perklubb, Norge 27:28:15 \u00a0 \u00a0\u00a0 Dam 1 Elisabeth Karlsson 1980 Jalles TC 23:13:55 \u00a0 2 Boel De Geer 1958 Hultsfreds\u2026","rel":"","context":"Similar post","block_context":{"text":"Similar post","link":""},"img":{"alt_text":"","src":"","width":0,"height":0},"classes":[]},{"id":94,"url":"https:\/\/new.tec100.se\/?page_id=94","url_meta":{"origin":309,"position":2},"title":"Resultat 2011","author":"admin","date":"November 2, 2011","format":false,"excerpt":"100 miles (160,9 km)\u00a0\u00a0\u00a0\u00a0\u00a0\u00a0\u00a0\u00a0\u00a0 Excelfil med mellatider \u00a0\u00a0 Herr 1 Peter Tubaas 1972 Stord IL, Norge 15:39:58 2 Andreas Falk 1977 F\u00f6rsvarets sportklubb 16:22:52 3 Mikkel Gormsen 1974 Puma, Denmark 16:57:52 4 Aki S\u00e4kkinen 1983 Endurance Ultrarunning Team, Finland 17:33:22 5 Lars Chr. D\u00f8rum 1953 Spiridon LLL, Norge 18:13:29 6\u2026","rel":"","context":"Similar post","block_context":{"text":"Similar post","link":""},"img":{"alt_text":"","src":"","width":0,"height":0},"classes":[]},{"id":568,"url":"https:\/\/new.tec100.se\/?page_id=568","url_meta":{"origin":309,"position":3},"title":"Resultat 2013","author":"admin","date":"April 18, 2013","format":false,"excerpt":"\u00a0Resultat T\u00e4by Extreme Challenge 2013\u00a0\u00a0\u00a0\u00a0 \u00a0 \u00a0 Damer 100 miles \u00a0 \u00a0 \u00a0 \u00a0 Plats Namn Klubb F\u00f6dd Distans Tid 1 Forsmark Ann-Sofie Ok Djerf 1979 100 mile 21:57:35 2 Nilsson Barbro Solvikingarna 1949 100 mile 23:13:13 3 Sahlstr\u00f6m Charlotta Team Stockholm Marathon 1972 100 mile 24:09:49 4 Westfelt Ellen\u2026","rel":"","context":"Similar post","block_context":{"text":"Similar post","link":""},"img":{"alt_text":"","src":"","width":0,"height":0},"classes":[]},{"id":98,"url":"https:\/\/new.tec100.se\/?page_id=98","url_meta":{"origin":309,"position":4},"title":"Resultat 2010","author":"admin","date":"November 2, 2011","format":false,"excerpt":"100 miles (160,9 km)\u00a0\u00a0\u00a0\u00a0\u00a0\u00a0 Excelfil med mellantider \u00a0\u00a0 Herr 1 Jonas Buud 1974 IFM Mora FIK 12:32:04 \u00a0 2 Andreas Falk 1977 Krigsskolans IF (KSIF) 17:05:40 \u00a0 3 Mikkel Gormsen 1974 Puma, Danmark 17:12:48 \u00a0 4 Jesper Halvorsen 1972 DULK, Danmark 17:55:19 \u00a0 5 Bernt Hedlund 1953 Friskis&Svettis 19:43:32 \u00a0\u2026","rel":"","context":"Similar post","block_context":{"text":"Similar post","link":""},"img":{"alt_text":"","src":"","width":0,"height":0},"classes":[]}],"_links":{"self":[{"href":"https:\/\/new.tec100.se\/index.php?rest_route=\/wp\/v2\/pages\/309"}],"collection":[{"href":"https:\/\/new.tec100.se\/index.php?rest_route=\/wp\/v2\/pages"}],"about":[{"href":"https:\/\/new.tec100.se\/index.php?rest_route=\/wp\/v2\/types\/page"}],"author":[{"embeddable":true,"href":"https:\/\/new.tec100.se\/index.php?rest_route=\/wp\/v2\/users\/1"}],"replies":[{"embeddable":true,"href":"https:\/\/new.tec100.se\/index.php?rest_route=%2Fwp%2Fv2%2Fcomments&post=309"}],"version-history":[{"count":7,"href":"https:\/\/new.tec100.se\/index.php?rest_route=\/wp\/v2\/pages\/309\/revisions"}],"predecessor-version":[{"id":1248,"href":"https:\/\/new.tec100.se\/index.php?rest_route=\/wp\/v2\/pages\/309\/revisions\/1248"}],"up":[{"embeddable":true,"href":"https:\/\/new.tec100.se\/index.php?rest_route=\/wp\/v2\/pages\/10"}],"wp:attachment":[{"href":"https:\/\/new.tec100.se\/index.php?rest_route=%2Fwp%2Fv2%2Fmedia&parent=309"}],"curies":[{"name":"wp","href":"https:\/\/api.w.org\/{rel}","templated":true}]}}