{"id":1802,"date":"2019-05-06T20:19:59","date_gmt":"2019-05-06T18:19:59","guid":{"rendered":"http:\/\/new.tec100.se\/?page_id=1802"},"modified":"2019-05-06T20:48:58","modified_gmt":"2019-05-06T18:48:58","slug":"resultat-2019","status":"publish","type":"page","link":"https:\/\/new.tec100.se\/?page_id=1802","title":{"rendered":"Resultat 2019"},"content":{"rendered":"<p><a href=\"https:\/\/new.tec100.se\/?attachment_id=1814\" rel=\"attachment wp-att-1814\">Resultat 2019<\/a><\/p>\n<p><a href=\"https:\/\/new.tec100.se\/?attachment_id=1805\" rel=\"attachment wp-att-1805\">Varv TEC 2019<\/a><\/p>\n","protected":false},"excerpt":{"rendered":"<p>Resultat 2019 Varv TEC 2019<\/p>\n","protected":false},"author":1,"featured_media":0,"parent":10,"menu_order":0,"comment_status":"closed","ping_status":"closed","template":"","meta":{"jetpack_post_was_ever_published":false},"jetpack_sharing_enabled":true,"jetpack_shortlink":"https:\/\/wp.me\/P6LPeb-t4","jetpack-related-posts":[{"id":1776,"url":"https:\/\/new.tec100.se\/?page_id=1776","url_meta":{"origin":1802,"position":0},"title":"Resultat 2018","author":"admin","date":"April 22, 2019","format":false,"excerpt":"Resultat 2018 Varv TEC 2018","rel":"","context":"Similar post","block_context":{"text":"Similar post","link":""},"img":{"alt_text":"","src":"","width":0,"height":0},"classes":[]},{"id":1400,"url":"https:\/\/new.tec100.se\/?page_id=1400","url_meta":{"origin":1802,"position":1},"title":"Resultat 2017","author":"admin","date":"April 25, 2017","format":false,"excerpt":"Res_TEC 2017 \u00a0 Varvlista_TEC_2017 Johanna Bergman, \u00d6backa LK, fr\u00e5n H\u00e4rn\u00f6sand tog sig snabbt upp bland t\u00e4ten fr\u00e5n start och passerade 50 miles p\u00e5 tiden 6h 53min vilket \u00e4r den snabbaste tiden f\u00f6r damer genom tiderna inom svensk l\u00f6pning, hon forts\u00e4tter att springa snabbt med korta stopp vid varvning och n\u00e4r\u2026","rel":"","context":"Similar post","block_context":{"text":"Similar post","link":""},"img":{"alt_text":"","src":"","width":0,"height":0},"classes":[]},{"id":4226,"url":"https:\/\/new.tec100.se\/?page_id=4226","url_meta":{"origin":1802,"position":2},"title":"Resultat 2023","author":"admin","date":"April 26, 2023","format":false,"excerpt":"Resultat TEC 2023 Varvtider TEC 2023","rel":"","context":"Similar post","block_context":{"text":"Similar post","link":""},"img":{"alt_text":"","src":"","width":0,"height":0},"classes":[]},{"id":1398,"url":"https:\/\/new.tec100.se\/?page_id=1398","url_meta":{"origin":1802,"position":3},"title":"Resultat 2016","author":"admin","date":"April 25, 2017","format":false,"excerpt":"Resultat TEC 2016(1) varvtider TEC 2016","rel":"","context":"Similar post","block_context":{"text":"Similar post","link":""},"img":{"alt_text":"","src":"","width":0,"height":0},"classes":[]},{"id":2229,"url":"https:\/\/new.tec100.se\/?page_id=2229","url_meta":{"origin":1802,"position":4},"title":"Resultat 2020","author":"admin","date":"October 14, 2020","format":false,"excerpt":"Resultat TEC 2020 Laps TEC 2020 \u00a0","rel":"","context":"Similar post","block_context":{"text":"Similar post","link":""},"img":{"alt_text":"","src":"","width":0,"height":0},"classes":[]},{"id":10,"url":"https:\/\/new.tec100.se\/?page_id=10","url_meta":{"origin":1802,"position":5},"title":"Resultat","author":"admin","date":"October 20, 2011","format":false,"excerpt":"Resultat TEC 2020 Varvtider TEC 2020 Vi vill tacka alla funktion\u00e4rer som arbetat h\u00e5rt f\u00f6re, under och efter loppet. Vi vill ocks\u00e5 tacka v\u00e5ra sponsorer och samarbetspartners som genom att bidra med energidryck, saker till buff\u00e9bordet, rabatter etc. Stort tack till er l\u00f6pare, utan er ingen t\u00e4vling med blod, svett\u2026","rel":"","context":"Similar post","block_context":{"text":"Similar post","link":""},"img":{"alt_text":"","src":"","width":0,"height":0},"classes":[]}],"_links":{"self":[{"href":"https:\/\/new.tec100.se\/index.php?rest_route=\/wp\/v2\/pages\/1802"}],"collection":[{"href":"https:\/\/new.tec100.se\/index.php?rest_route=\/wp\/v2\/pages"}],"about":[{"href":"https:\/\/new.tec100.se\/index.php?rest_route=\/wp\/v2\/types\/page"}],"author":[{"embeddable":true,"href":"https:\/\/new.tec100.se\/index.php?rest_route=\/wp\/v2\/users\/1"}],"replies":[{"embeddable":true,"href":"https:\/\/new.tec100.se\/index.php?rest_route=%2Fwp%2Fv2%2Fcomments&post=1802"}],"version-history":[{"count":4,"href":"https:\/\/new.tec100.se\/index.php?rest_route=\/wp\/v2\/pages\/1802\/revisions"}],"predecessor-version":[{"id":1816,"href":"https:\/\/new.tec100.se\/index.php?rest_route=\/wp\/v2\/pages\/1802\/revisions\/1816"}],"up":[{"embeddable":true,"href":"https:\/\/new.tec100.se\/index.php?rest_route=\/wp\/v2\/pages\/10"}],"wp:attachment":[{"href":"https:\/\/new.tec100.se\/index.php?rest_route=%2Fwp%2Fv2%2Fmedia&parent=1802"}],"curies":[{"name":"wp","href":"https:\/\/api.w.org\/{rel}","templated":true}]}}