{"id":159,"date":"2012-01-03T20:03:05","date_gmt":"2012-01-03T18:03:05","guid":{"rendered":"http:\/\/new.tec100.se\/?page_id=159"},"modified":"2026-04-22T14:04:16","modified_gmt":"2026-04-22T13:04:16","slug":"start-list","status":"publish","type":"page","link":"https:\/\/new.tec100.se\/?page_id=159","title":{"rendered":"Startlista"},"content":{"rendered":"\n<p>Startlistan uppdateras h\u00e4r inf\u00f6r loppet!<\/p>\n","protected":false},"excerpt":{"rendered":"<p>Startlistan uppdateras h\u00e4r inf\u00f6r loppet!<\/p>\n","protected":false},"author":1,"featured_media":0,"parent":9,"menu_order":0,"comment_status":"closed","ping_status":"closed","template":"","meta":{"jetpack_post_was_ever_published":false},"jetpack_sharing_enabled":true,"jetpack_shortlink":"https:\/\/wp.me\/P6LPeb-2z","jetpack-related-posts":[{"id":8,"url":"https:\/\/new.tec100.se\/?page_id=8","url_meta":{"origin":159,"position":0},"title":"Information","author":"admin","date":"October 20, 2011","format":false,"excerpt":"T\u00e4by Extreme Challenge 2027 --> 16-18 april, anm\u00e4lan \u00f6ppnar i juni. Start 200 miles \u00e4r klockan 10:00 fredagen och m\u00e5let st\u00e4nger 54 timmar senare p\u00e5 s\u00f6ndagen (16.00). Start TEC Backyard \u00e4r klockan 18.00 fredagen, varje hel timme g\u00e5r ny start p\u00e5 banan som m\u00e4ter 6,7km och m\u00e5let st\u00e4nger 46 timmar\u2026","rel":"","context":"Similar post","block_context":{"text":"Similar post","link":""},"img":{"alt_text":"","src":"","width":0,"height":0},"classes":[]},{"id":9,"url":"https:\/\/new.tec100.se\/?page_id=9","url_meta":{"origin":159,"position":1},"title":"Anm\u00e4lan","author":"admin","date":"October 20, 2011","format":false,"excerpt":"16-18 april 2027 h\u00e5lls loppet vid Alby Friluftsg\u00e5rd i Tyres\u00f6. Anm\u00e4lan \u00f6ppnar i juni 2026!","rel":"","context":"Similar post","block_context":{"text":"Similar post","link":""},"img":{"alt_text":"","src":"","width":0,"height":0},"classes":[]},{"id":10,"url":"https:\/\/new.tec100.se\/?page_id=10","url_meta":{"origin":159,"position":2},"title":"Resultat","author":"admin","date":"October 20, 2011","format":false,"excerpt":"Resultat TEC 2020 Varvtider TEC 2020 Vi vill tacka alla funktion\u00e4rer som arbetat h\u00e5rt f\u00f6re, under och efter loppet. Vi vill ocks\u00e5 tacka v\u00e5ra sponsorer och samarbetspartners som genom att bidra med energidryck, saker till buff\u00e9bordet, rabatter etc. Stort tack till er l\u00f6pare, utan er ingen t\u00e4vling med blod, svett\u2026","rel":"","context":"Similar post","block_context":{"text":"Similar post","link":""},"img":{"alt_text":"","src":"","width":0,"height":0},"classes":[]},{"id":61,"url":"https:\/\/new.tec100.se\/?page_id=61","url_meta":{"origin":159,"position":3},"title":"Galleri","author":"admin","date":"October 30, 2011","format":false,"excerpt":"Om du har foton som du vill dela med dig av, skicka dem g\u00e4rna till tec@tec100.se If you have photos that you would like to share, please send them to tec@tec100.se","rel":"","context":"Similar post","block_context":{"text":"Similar post","link":""},"img":{"alt_text":"","src":"","width":0,"height":0},"classes":[]},{"id":1476,"url":"https:\/\/new.tec100.se\/?page_id=1476","url_meta":{"origin":159,"position":4},"title":"Backyard Ultra","author":"admin","date":"September 20, 2017","format":false,"excerpt":"Varvet \u00e4r 6707m. Start 18.00 p\u00e5 fredagen och d\u00e4refter varje hel timme. L\u00f6parna m\u00e5ste ta sig im\u00e5l inom den p\u00e5b\u00f6rjade timmen, om man inte hinner \u00e4r man ute ur t\u00e4vlingen. L\u00f6parna m\u00e5ste starta n\u00e4sta varv f\u00f6r att det tidigare varvet ska tillgodor\u00e4knas, man ska allts\u00e5 inte bryta innan n\u00e4sta start!\u2026","rel":"","context":"Similar post","block_context":{"text":"Similar post","link":""},"img":{"alt_text":"","src":"","width":0,"height":0},"classes":[]},{"id":1400,"url":"https:\/\/new.tec100.se\/?page_id=1400","url_meta":{"origin":159,"position":5},"title":"Resultat 2017","author":"admin","date":"April 25, 2017","format":false,"excerpt":"Res_TEC 2017 \u00a0 Varvlista_TEC_2017 Johanna Bergman, \u00d6backa LK, fr\u00e5n H\u00e4rn\u00f6sand tog sig snabbt upp bland t\u00e4ten fr\u00e5n start och passerade 50 miles p\u00e5 tiden 6h 53min vilket \u00e4r den snabbaste tiden f\u00f6r damer genom tiderna inom svensk l\u00f6pning, hon forts\u00e4tter att springa snabbt med korta stopp vid varvning och n\u00e4r\u2026","rel":"","context":"Similar post","block_context":{"text":"Similar post","link":""},"img":{"alt_text":"","src":"","width":0,"height":0},"classes":[]}],"_links":{"self":[{"href":"https:\/\/new.tec100.se\/index.php?rest_route=\/wp\/v2\/pages\/159"}],"collection":[{"href":"https:\/\/new.tec100.se\/index.php?rest_route=\/wp\/v2\/pages"}],"about":[{"href":"https:\/\/new.tec100.se\/index.php?rest_route=\/wp\/v2\/types\/page"}],"author":[{"embeddable":true,"href":"https:\/\/new.tec100.se\/index.php?rest_route=\/wp\/v2\/users\/1"}],"replies":[{"embeddable":true,"href":"https:\/\/new.tec100.se\/index.php?rest_route=%2Fwp%2Fv2%2Fcomments&post=159"}],"version-history":[{"count":79,"href":"https:\/\/new.tec100.se\/index.php?rest_route=\/wp\/v2\/pages\/159\/revisions"}],"predecessor-version":[{"id":8894,"href":"https:\/\/new.tec100.se\/index.php?rest_route=\/wp\/v2\/pages\/159\/revisions\/8894"}],"up":[{"embeddable":true,"href":"https:\/\/new.tec100.se\/index.php?rest_route=\/wp\/v2\/pages\/9"}],"wp:attachment":[{"href":"https:\/\/new.tec100.se\/index.php?rest_route=%2Fwp%2Fv2%2Fmedia&parent=159"}],"curies":[{"name":"wp","href":"https:\/\/api.w.org\/{rel}","templated":true}]}}