{"id":1472,"date":"2017-09-20T21:49:52","date_gmt":"2017-09-20T19:49:52","guid":{"rendered":"http:\/\/new.tec100.se\/?page_id=1472"},"modified":"2026-04-22T15:37:37","modified_gmt":"2026-04-22T14:37:37","slug":"50-100-200-miles","status":"publish","type":"page","link":"https:\/\/new.tec100.se\/?page_id=1472","title":{"rendered":"MiniUltra 46km, 50, 100 &#038; 200 miles"},"content":{"rendered":"<p>Banan \u00e4r 11,5km l\u00e5ng med start\/varvning\/m\u00e5l i Alby Friluftsg\u00e5rd i Tyres\u00f6. Orangea snitslar med reflexer p\u00e5 finns l\u00e4ngs hela banan, ca 20-70m mellan snitslarna beroende p\u00e5 terr\u00e4ng.<\/p>\n<p>De f\u00f6rsta 5km \u00e4r p\u00e5 en l\u00e4ttl\u00f6pt kuperad grusv\u00e4g som senare blir en bredare stig med h\u00e4rlig utsikt \u00f6ver Albysj\u00f6n, \u00f6ppna f\u00e4lt, t\u00e4t skog i Tyresta naturreservat och h\u00e4st\u00e4ngar. D\u00e4refter f\u00f6ljer man S\u00f6rmlandsleden ca 3,2km till Nyfors, denna del \u00e4r teknisk med r\u00f6tter, stenar, sp\u00e4nger, h\u00f6jdmeter och en kortare grusv\u00e4g innan sista skogspartiet innan Nyfors. Det sista skogspartiet bjuder p\u00e5 en fantastisk utsikt \u00f6ver Tyres\u00f6-Flaten, men man m\u00e5ste ta sig upp f\u00f6r berget f\u00f6r att n\u00e5 dit!<\/p>\n<p>V\u00e4l i Nyfors f\u00f6ljer man snitslarna mot Alby Friluftsg\u00e5rd i ca 2,1km d\u00e4r S\u00f6rmlandsleden gick tidigare. Nu passerar man bredvid TEC-t\u00e4ltet och beger sig ut p\u00e5 den sista delen i motionssp\u00e5ret om ca 1,2km innan man passerar mattan f\u00f6r tidtagning och in i t\u00e4ltet!<\/p>\n<p>Hur m\u00e5nga minuter du spenderar i t\u00e4ltet \u00e4r upp till dig men ett gott r\u00e5d \u00e4r att inte stanna f\u00f6r l\u00e4nge \u00e4ven om vi funktion\u00e4rer \u00e4r trevliga och buff\u00e9bordet bjuder p\u00e5 allt m\u00f6jligt!<\/p>\n","protected":false},"excerpt":{"rendered":"<p>Banan \u00e4r 11,5km l\u00e5ng med start\/varvning\/m\u00e5l i Alby Friluftsg\u00e5rd i Tyres\u00f6. Orangea snitslar med reflexer p\u00e5 finns l\u00e4ngs hela banan, ca 20-70m mellan snitslarna beroende p\u00e5 terr\u00e4ng. De f\u00f6rsta 5km \u00e4r p\u00e5 en l\u00e4ttl\u00f6pt kuperad grusv\u00e4g som senare blir en&hellip; <\/p>\n","protected":false},"author":1,"featured_media":0,"parent":1467,"menu_order":0,"comment_status":"closed","ping_status":"closed","template":"","meta":{"jetpack_post_was_ever_published":false},"jetpack_sharing_enabled":true,"jetpack_shortlink":"https:\/\/wp.me\/P6LPeb-nK","jetpack-related-posts":[{"id":1476,"url":"https:\/\/new.tec100.se\/?page_id=1476","url_meta":{"origin":1472,"position":0},"title":"Backyard Ultra","author":"admin","date":"September 20, 2017","format":false,"excerpt":"Varvet \u00e4r 6707m. Start 18.00 p\u00e5 fredagen och d\u00e4refter varje hel timme. L\u00f6parna m\u00e5ste ta sig im\u00e5l inom den p\u00e5b\u00f6rjade timmen, om man inte hinner \u00e4r man ute ur t\u00e4vlingen. L\u00f6parna m\u00e5ste starta n\u00e4sta varv f\u00f6r att det tidigare varvet ska tillgodor\u00e4knas, man ska allts\u00e5 inte bryta innan n\u00e4sta start!\u2026","rel":"","context":"Similar post","block_context":{"text":"Similar post","link":""},"img":{"alt_text":"","src":"","width":0,"height":0},"classes":[]},{"id":8,"url":"https:\/\/new.tec100.se\/?page_id=8","url_meta":{"origin":1472,"position":1},"title":"Information","author":"admin","date":"October 20, 2011","format":false,"excerpt":"T\u00e4by Extreme Challenge 2027 --> 16-18 april, anm\u00e4lan \u00f6ppnar i juni. Start 200 miles \u00e4r klockan 10:00 fredagen och m\u00e5let st\u00e4nger 54 timmar senare p\u00e5 s\u00f6ndagen (16.00). Start TEC Backyard \u00e4r klockan 18.00 fredagen, varje hel timme g\u00e5r ny start p\u00e5 banan som m\u00e4ter 6,7km och m\u00e5let st\u00e4nger 46 timmar\u2026","rel":"","context":"Similar post","block_context":{"text":"Similar post","link":""},"img":{"alt_text":"","src":"","width":0,"height":0},"classes":[]},{"id":9,"url":"https:\/\/new.tec100.se\/?page_id=9","url_meta":{"origin":1472,"position":2},"title":"Anm\u00e4lan","author":"admin","date":"October 20, 2011","format":false,"excerpt":"16-18 april 2027 h\u00e5lls loppet vid Alby Friluftsg\u00e5rd i Tyres\u00f6. Anm\u00e4lan \u00f6ppnar i juni 2026!","rel":"","context":"Similar post","block_context":{"text":"Similar post","link":""},"img":{"alt_text":"","src":"","width":0,"height":0},"classes":[]},{"id":1357,"url":"https:\/\/new.tec100.se\/?page_id=1357","url_meta":{"origin":1472,"position":3},"title":"Information","author":"admin","date":"March 30, 2017","format":false,"excerpt":"Event details and schedule When? 16-18th of April 2027! 200 miles: The start is at 10:00 AM on Friday and the finish closes 54 hours later, 16.00 on Sunday. TEC Backyard: The first start is at 06.00 PM on Friday and the finish is when there's only one runner left.\u2026","rel":"","context":"Similar post","block_context":{"text":"Similar post","link":""},"img":{"alt_text":"","src":"","width":0,"height":0},"classes":[]},{"id":1400,"url":"https:\/\/new.tec100.se\/?page_id=1400","url_meta":{"origin":1472,"position":4},"title":"Resultat 2017","author":"admin","date":"April 25, 2017","format":false,"excerpt":"Res_TEC 2017 \u00a0 Varvlista_TEC_2017 Johanna Bergman, \u00d6backa LK, fr\u00e5n H\u00e4rn\u00f6sand tog sig snabbt upp bland t\u00e4ten fr\u00e5n start och passerade 50 miles p\u00e5 tiden 6h 53min vilket \u00e4r den snabbaste tiden f\u00f6r damer genom tiderna inom svensk l\u00f6pning, hon forts\u00e4tter att springa snabbt med korta stopp vid varvning och n\u00e4r\u2026","rel":"","context":"Similar post","block_context":{"text":"Similar post","link":""},"img":{"alt_text":"","src":"","width":0,"height":0},"classes":[]},{"id":517,"url":"https:\/\/new.tec100.se\/?page_id=517","url_meta":{"origin":1472,"position":5},"title":"Varvningskontrollen","author":"admin","date":"April 3, 2013","format":false,"excerpt":"Vi som jobbar i mat\/dryckkontrollen h\u00e4lsar er l\u00f6pare v\u00e4lkomna till oss vid varje varvning! Alltid p\u00e5 bordet Vatten Sportdryck cola + vichyvatten kaffe te n\u00f6tter godis sm\u00f6rg\u00e5s banan saltgurka salta kex Till och fr\u00e5n Bl\u00e5b\u00e4rsoppa varma koppen nudlar buljong gr\u00e4dde potatismos Mat (ungerf\u00e4rliga tider anges i t\u00e4vlings PM i april)\u2026","rel":"","context":"Similar post","block_context":{"text":"Similar post","link":""},"img":{"alt_text":"","src":"","width":0,"height":0},"classes":[]}],"_links":{"self":[{"href":"https:\/\/new.tec100.se\/index.php?rest_route=\/wp\/v2\/pages\/1472"}],"collection":[{"href":"https:\/\/new.tec100.se\/index.php?rest_route=\/wp\/v2\/pages"}],"about":[{"href":"https:\/\/new.tec100.se\/index.php?rest_route=\/wp\/v2\/types\/page"}],"author":[{"embeddable":true,"href":"https:\/\/new.tec100.se\/index.php?rest_route=\/wp\/v2\/users\/1"}],"replies":[{"embeddable":true,"href":"https:\/\/new.tec100.se\/index.php?rest_route=%2Fwp%2Fv2%2Fcomments&post=1472"}],"version-history":[{"count":8,"href":"https:\/\/new.tec100.se\/index.php?rest_route=\/wp\/v2\/pages\/1472\/revisions"}],"predecessor-version":[{"id":8918,"href":"https:\/\/new.tec100.se\/index.php?rest_route=\/wp\/v2\/pages\/1472\/revisions\/8918"}],"up":[{"embeddable":true,"href":"https:\/\/new.tec100.se\/index.php?rest_route=\/wp\/v2\/pages\/1467"}],"wp:attachment":[{"href":"https:\/\/new.tec100.se\/index.php?rest_route=%2Fwp%2Fv2%2Fmedia&parent=1472"}],"curies":[{"name":"wp","href":"https:\/\/api.w.org\/{rel}","templated":true}]}}