{"id":101,"date":"2011-11-02T07:28:06","date_gmt":"2011-11-02T05:28:06","guid":{"rendered":"http:\/\/new.tec100.se\/?page_id=101"},"modified":"2016-08-30T14:14:30","modified_gmt":"2016-08-30T12:14:30","slug":"resultat-2009","status":"publish","type":"page","link":"https:\/\/new.tec100.se\/?page_id=101","title":{"rendered":"Resultat 2009"},"content":{"rendered":"<table border=\"0\" cellspacing=\"5\" cellpadding=\"0\">\n<tbody>\n<tr>\n<td colspan=\"5\"><big><strong>100 miles (160,9 km)\u00a0\u00a0\u00a0 <\/strong><span style=\"font-size: small;\"><a href=\"https:\/\/new.tec100.se\/docs\/tec2009-resultat.xls\">Excelfil med mellantider<\/a><\/span><\/big><\/td>\n<\/tr>\n<tr>\n<td>\u00a0\u00a0 <strong>Herr<\/strong><\/td>\n<td>1<\/td>\n<td>Kent Sj\u00f6lund<\/td>\n<td>1957<\/td>\n<td>Team Ultrasweden LK<\/td>\n<td>20:17:49<\/td>\n<\/tr>\n<tr>\n<td>\u00a0<\/td>\n<td>2<\/td>\n<td>Daniel Roxvret<\/td>\n<td>1985<\/td>\n<td>Link\u00f6ping<\/td>\n<td>27:04:48<\/td>\n<\/tr>\n<tr>\n<td>\u00a0<\/td>\n<td>3<\/td>\n<td>Gunnar F\u00e6hn<\/td>\n<td>1949<\/td>\n<td>Romerike Ultral\u00f8perklubb, Norge<\/td>\n<td>27:28:15<\/td>\n<\/tr>\n<tr>\n<td>\u00a0<\/td>\n<\/tr>\n<tr>\n<td>\u00a0\u00a0 <strong>Dam<\/strong><\/td>\n<td>1<\/td>\n<td>Elisabeth Karlsson<\/td>\n<td>1980<\/td>\n<td>Jalles TC<\/td>\n<td>23:13:55<\/td>\n<\/tr>\n<tr>\n<td>\u00a0<\/td>\n<td>2<\/td>\n<td>Boel De Geer<\/td>\n<td>1958<\/td>\n<td>Hultsfreds LK<\/td>\n<td>25:22:30<\/td>\n<\/tr>\n<tr>\n<td>\u00a0<\/td>\n<td>3<\/td>\n<td>Liselott Guest<\/td>\n<td>1971<\/td>\n<td>Team Fakta<\/td>\n<td>28:30:12<\/td>\n<\/tr>\n<tr>\n<td colspan=\"5\"><big><strong>75 miles (120,7 km)<\/strong><\/big><\/td>\n<\/tr>\n<tr>\n<td>\u00a0\u00a0 <strong>Herr<\/strong><\/td>\n<td>1<\/td>\n<td>Per Johansson<\/td>\n<td>1970<\/td>\n<td>Sundsvalls OK<\/td>\n<td>15:46:10*<\/td>\n<\/tr>\n<tr>\n<td>\u00a0<\/td>\n<td>2<\/td>\n<td>Olav Engen<\/td>\n<td>1950<\/td>\n<td>Romerike Ultral\u00f8perklubb, Norge<\/td>\n<td>16:42:00*<\/td>\n<\/tr>\n<tr>\n<td>\u00a0<\/td>\n<\/tr>\n<tr>\n<td>\u00a0\u00a0 <strong>Dam<\/strong><\/td>\n<td>\u00a0<\/td>\n<td>\u2212<\/td>\n<td>\u00a0<\/td>\n<td>\u00a0<\/td>\n<td>\u00a0<\/td>\n<td>\u00a0<\/td>\n<\/tr>\n<tr>\n<td colspan=\"5\"><big><strong>50 miles (80,5 km)<\/strong><\/big><\/td>\n<\/tr>\n<tr>\n<td>\u00a0\u00a0 <strong>Herr<\/strong><\/td>\n<td>1<\/td>\n<td>Andreas Falk<\/td>\n<td>1977<\/td>\n<td>F\u00f6rsvarsmakten<\/td>\n<td>7:19:18<\/td>\n<\/tr>\n<tr>\n<td>\u00a0<\/td>\n<td>2<\/td>\n<td>Lars-\u00c5ke Svensk<\/td>\n<td>1964<\/td>\n<td>T\u00e4by<\/td>\n<td>7:38:56<\/td>\n<\/tr>\n<tr>\n<td>\u00a0<\/td>\n<td>3<\/td>\n<td>Bengt Johnsson<\/td>\n<td>1963<\/td>\n<td>Linghem<\/td>\n<td>8:18:30<\/td>\n<\/tr>\n<tr>\n<td>\u00a0<\/td>\n<td>4<\/td>\n<td>Mats Karlsson<\/td>\n<td>1964<\/td>\n<td>H\u00e4stkrafterna<\/td>\n<td>8:38:56<\/td>\n<\/tr>\n<tr>\n<td>\u00a0<\/td>\n<td>5<\/td>\n<td>Max Bergstr\u00f6m<\/td>\n<td>1989<\/td>\n<td>S\u00f6ders SOL<\/td>\n<td>9:57:50<\/td>\n<\/tr>\n<tr>\n<td>\u00a0<\/td>\n<td>6<\/td>\n<td>Magnus Bergqvist<\/td>\n<td>1976<\/td>\n<td>IF Linn\u00e9a<\/td>\n<td>10:28:30<\/td>\n<\/tr>\n<tr>\n<td>\u00a0<\/td>\n<td>7<\/td>\n<td>Sven Molin<\/td>\n<td>1955<\/td>\n<td>Uppsala LK<\/td>\n<td>10:44:30<\/td>\n<\/tr>\n<tr>\n<td>\u00a0<\/td>\n<td>8<\/td>\n<td>Bo Edenf\u00e4ll<\/td>\n<td>1960<\/td>\n<td>Vallentuna FK<\/td>\n<td>10:58:30<\/td>\n<\/tr>\n<tr>\n<td>\u00a0<\/td>\n<td>9<\/td>\n<td>Federico Hernandez<\/td>\n<td>1968<\/td>\n<td>Team Ultratokarna<\/td>\n<td>10:09:30*<\/td>\n<\/tr>\n<tr>\n<td>\u00a0<\/td>\n<td>10<\/td>\n<td>Christian Nilsson<\/td>\n<td>1964<\/td>\n<td>Team Ultrasweden LK<\/td>\n<td>10:21:30*<\/td>\n<\/tr>\n<tr>\n<td>\u00a0<\/td>\n<td>11<\/td>\n<td>Peter Lembke<\/td>\n<td>1971<\/td>\n<td>Team Fakta<\/td>\n<td>11:29:15*<\/td>\n<\/tr>\n<tr>\n<td>\u00a0<\/td>\n<td>12<\/td>\n<td>Marcus Aveholt<\/td>\n<td>1974<\/td>\n<td>Knivsta<\/td>\n<td>11:47:47**<\/td>\n<\/tr>\n<tr>\n<td>\u00a0<\/td>\n<td>13<\/td>\n<td>Gunnar Nilsson<\/td>\n<td>1956<\/td>\n<td>Uppsala LK<\/td>\n<td>11:53:50*<\/td>\n<\/tr>\n<tr>\n<td>\u00a0<\/td>\n<\/tr>\n<tr>\n<td>\u00a0\u00a0 <strong>Dam<\/strong><\/td>\n<td>1<\/td>\n<td>Cecilia Petersson<\/td>\n<td>1963<\/td>\n<td>FK Studenterna<\/td>\n<td>8:18:58<\/td>\n<\/tr>\n<tr>\n<td>\u00a0<\/td>\n<td>2<\/td>\n<td>Inga-Sarah Lindholm<\/td>\n<td>1961<\/td>\n<td>Vallentuna FK<\/td>\n<td>8:38:56<\/td>\n<\/tr>\n<tr>\n<td>\u00a0<\/td>\n<td>3<\/td>\n<td>Beatrice\u00a0Hernandez<\/td>\n<td>1973<\/td>\n<td>Team Ultratokarna<\/td>\n<td>9:15:15<\/td>\n<\/tr>\n<tr>\n<td>\u00a0<\/td>\n<td>4<\/td>\n<td>Charlotta Sahlstr\u00f6m<\/td>\n<td>1972<\/td>\n<td>Team Stockholm Marathon<\/td>\n<td>9:22:40<\/td>\n<\/tr>\n<tr>\n<td>\u00a0<\/td>\n<td>5<\/td>\n<td>Barbro Nilsson<\/td>\n<td>1949<\/td>\n<td>Solvikingarna<\/td>\n<td>9:47:02<\/td>\n<\/tr>\n<tr>\n<td colspan=\"5\"><big><strong>25 miles (40,2 km)<\/strong><\/big><\/td>\n<\/tr>\n<tr>\n<td>\u00a0\u00a0 <strong>Herr<\/strong><\/td>\n<td>1<\/td>\n<td>Daniel Ahl<\/td>\n<td>1981<\/td>\n<td>I2 IF G\u00f6ta<\/td>\n<td>3:17:41<\/td>\n<\/tr>\n<tr>\n<td>\u00a0<\/td>\n<td>2<\/td>\n<td>Mats Liljegren<\/td>\n<td>1976<\/td>\n<td>Team Skavs\u00e5ret IF<\/td>\n<td>3:43:20<\/td>\n<\/tr>\n<tr>\n<td>\u00a0<\/td>\n<td>3<\/td>\n<td>Krister Lind<\/td>\n<td>1960<\/td>\n<td>Kvarnsvedens FIK<\/td>\n<td>3:43:23*<\/td>\n<\/tr>\n<tr>\n<td>\u00a0<\/td>\n<td>4<\/td>\n<td>Oscar Hernandez<\/td>\n<td>1955<\/td>\n<td>Eklanda Vargarna<\/td>\n<td>3:52:45*<\/td>\n<\/tr>\n<tr>\n<td>\u00a0<\/td>\n<td>5<\/td>\n<td>Patrick Joyce<\/td>\n<td>1963<\/td>\n<td>Regeringskansliets IF<\/td>\n<td>4:15:37*<\/td>\n<\/tr>\n<tr>\n<td>\u00a0<\/td>\n<td>6<\/td>\n<td>Torkel Skogman<\/td>\n<td>1970<\/td>\n<td>Stockholm\u00a0L\u00e5ngdistansklubb<\/td>\n<td>4:18:09*<\/td>\n<\/tr>\n<tr>\n<td>\u00a0<\/td>\n<td>7<\/td>\n<td>Niklas Tyni<\/td>\n<td>1965<\/td>\n<td>Hemlingby LK<\/td>\n<td>4:30:00*<\/td>\n<\/tr>\n<tr>\n<td>\u00a0<\/td>\n<td>8<\/td>\n<td>Henrik Holmberg<\/td>\n<td>1969<\/td>\n<td>Boo IF<\/td>\n<td>5:03:15*<\/td>\n<\/tr>\n<tr>\n<td>\u00a0<\/td>\n<td>9<\/td>\n<td>Johan Karlbom<\/td>\n<td>1976<\/td>\n<td>IF Linn\u00e9a<\/td>\n<td>5:14:16*<\/td>\n<\/tr>\n<tr>\n<td>\u00a0<\/td>\n<td>10<\/td>\n<td>Sigvard Koplim\u00e4e<\/td>\n<td>1950<\/td>\n<td>Team Ultrasweden LK<\/td>\n<td>5:25:28*<\/td>\n<\/tr>\n<tr>\n<td>\u00a0<\/td>\n<td>11<\/td>\n<td>Kenneth Isaksson<\/td>\n<td>1966<\/td>\n<td>Sundbyberg<\/td>\n<td>5:32:46*<\/td>\n<\/tr>\n<tr>\n<td>\u00a0<\/td>\n<\/tr>\n<tr>\n<td>\u00a0\u00a0 <strong>Dam<\/strong><\/td>\n<td>1<\/td>\n<td>Marielle Wallander<\/td>\n<td>1967<\/td>\n<td>Team Ultrasweden LK<\/td>\n<td>5:02:52*<\/td>\n<\/tr>\n<tr>\n<td colspan=\"5\"><big><strong>DNF (klev av innan 25 miles)<\/strong><\/big><\/td>\n<\/tr>\n<tr>\n<td>\u00a0<\/td>\n<td>.<\/td>\n<td>Tomas Albinsson<\/td>\n<td>1972<\/td>\n<td>Team Rockrunners<\/td>\n<\/tr>\n<tr>\n<td>\u00a0<\/td>\n<td>.<\/td>\n<td>Robert Karlsson<\/td>\n<td>1981<\/td>\n<td>Barefoot bl\u00e4sters<\/td>\n<\/tr>\n<tr>\n<td>\u00a0<\/td>\n<td>.<\/td>\n<td>Per Larsson<\/td>\n<td>1973<\/td>\n<td>Sp\u00e5nga<\/td>\n<\/tr>\n<\/tbody>\n<\/table>\n<p><small>*) L\u00f6paren fullf\u00f6ljde en kortare distans \u00e4n han\/hon var anm\u00e4ld till <\/small><br \/>\n<small>**) L\u00f6paren fullf\u00f6ljde en l\u00e4ngre distans \u00e4n han\/hon var anm\u00e4ld till <\/small><\/p>\n","protected":false},"excerpt":{"rendered":"<p>100 miles (160,9 km)\u00a0\u00a0\u00a0 Excelfil med mellantider \u00a0\u00a0 Herr 1 Kent Sj\u00f6lund 1957 Team Ultrasweden LK 20:17:49 \u00a0 2 Daniel Roxvret 1985 Link\u00f6ping 27:04:48 \u00a0 3 Gunnar F\u00e6hn 1949 Romerike Ultral\u00f8perklubb, Norge 27:28:15 \u00a0 \u00a0\u00a0 Dam 1 Elisabeth Karlsson 1980&hellip; <\/p>\n","protected":false},"author":1,"featured_media":0,"parent":10,"menu_order":0,"comment_status":"closed","ping_status":"closed","template":"","meta":{"jetpack_post_was_ever_published":false},"jetpack_sharing_enabled":true,"jetpack_shortlink":"https:\/\/wp.me\/P6LPeb-1D","jetpack-related-posts":[{"id":98,"url":"https:\/\/new.tec100.se\/?page_id=98","url_meta":{"origin":101,"position":0},"title":"Resultat 2010","author":"admin","date":"November 2, 2011","format":false,"excerpt":"100 miles (160,9 km)\u00a0\u00a0\u00a0\u00a0\u00a0\u00a0 Excelfil med mellantider \u00a0\u00a0 Herr 1 Jonas Buud 1974 IFM Mora FIK 12:32:04 \u00a0 2 Andreas Falk 1977 Krigsskolans IF (KSIF) 17:05:40 \u00a0 3 Mikkel Gormsen 1974 Puma, Danmark 17:12:48 \u00a0 4 Jesper Halvorsen 1972 DULK, Danmark 17:55:19 \u00a0 5 Bernt Hedlund 1953 Friskis&Svettis 19:43:32 \u00a0\u2026","rel":"","context":"Similar post","block_context":{"text":"Similar post","link":""},"img":{"alt_text":"","src":"","width":0,"height":0},"classes":[]},{"id":94,"url":"https:\/\/new.tec100.se\/?page_id=94","url_meta":{"origin":101,"position":1},"title":"Resultat 2011","author":"admin","date":"November 2, 2011","format":false,"excerpt":"100 miles (160,9 km)\u00a0\u00a0\u00a0\u00a0\u00a0\u00a0\u00a0\u00a0\u00a0 Excelfil med mellatider \u00a0\u00a0 Herr 1 Peter Tubaas 1972 Stord IL, Norge 15:39:58 2 Andreas Falk 1977 F\u00f6rsvarets sportklubb 16:22:52 3 Mikkel Gormsen 1974 Puma, Denmark 16:57:52 4 Aki S\u00e4kkinen 1983 Endurance Ultrarunning Team, Finland 17:33:22 5 Lars Chr. D\u00f8rum 1953 Spiridon LLL, Norge 18:13:29 6\u2026","rel":"","context":"Similar post","block_context":{"text":"Similar post","link":""},"img":{"alt_text":"","src":"","width":0,"height":0},"classes":[]},{"id":732,"url":"https:\/\/new.tec100.se\/?page_id=732","url_meta":{"origin":101,"position":2},"title":"Resultat 2014","author":"admin","date":"April 16, 2014","format":false,"excerpt":"Damer 50 mile Plats Namn Klubb Tid 1 Jakobsson Lena Glasrikets RC 07:27:19 2 Egnerfors Caroline Team Nordic Trail 08:13:06 3 Engelmark Katrin Johanneshov 08:24:32 4 Wretling Anna 115 20 08:52:32 5 Gothilander Jennifer G\u00f6teborg 09:05:38 6 Sabelstr\u00f6m Paula Stockholm LDK 09:20:59 7 Kallin Cecilia V\u00e4ster\u00e5s 10:11:56 8 Schelander Victoria\u2026","rel":"","context":"Similar post","block_context":{"text":"Similar post","link":""},"img":{"alt_text":"","src":"","width":0,"height":0},"classes":[]},{"id":309,"url":"https:\/\/new.tec100.se\/?page_id=309","url_meta":{"origin":101,"position":3},"title":"Resultat 2012","author":"admin","date":"April 17, 2012","format":false,"excerpt":"\u00a0 \u00a0 Damer 100 miles Plac Nanmn Klubb\/ort Tid 1 Grundahl Anna IF Linnea 17:30:59 2 \u00d6jefelt Laila Borl\u00e4nge L\u00f6parklubb 20:31:48 3 Nilsson Barbro Solvikingarna 23:31:26 4 Blese Dace Riga 25:48:23 5 Bor\u00e9n Carina IF Linnea 28:54:50 6 Bjerknes Marit K. Berg Fetsund 29:26:25 Herrar 100 miles Plac Namn Klubb\/ort\u2026","rel":"","context":"Similar post","block_context":{"text":"Similar post","link":""},"img":{"alt_text":"","src":"","width":0,"height":0},"classes":[]},{"id":568,"url":"https:\/\/new.tec100.se\/?page_id=568","url_meta":{"origin":101,"position":4},"title":"Resultat 2013","author":"admin","date":"April 18, 2013","format":false,"excerpt":"\u00a0Resultat T\u00e4by Extreme Challenge 2013\u00a0\u00a0\u00a0\u00a0 \u00a0 \u00a0 Damer 100 miles \u00a0 \u00a0 \u00a0 \u00a0 Plats Namn Klubb F\u00f6dd Distans Tid 1 Forsmark Ann-Sofie Ok Djerf 1979 100 mile 21:57:35 2 Nilsson Barbro Solvikingarna 1949 100 mile 23:13:13 3 Sahlstr\u00f6m Charlotta Team Stockholm Marathon 1972 100 mile 24:09:49 4 Westfelt Ellen\u2026","rel":"","context":"Similar post","block_context":{"text":"Similar post","link":""},"img":{"alt_text":"","src":"","width":0,"height":0},"classes":[]},{"id":1400,"url":"https:\/\/new.tec100.se\/?page_id=1400","url_meta":{"origin":101,"position":5},"title":"Resultat 2017","author":"admin","date":"April 25, 2017","format":false,"excerpt":"Res_TEC 2017 \u00a0 Varvlista_TEC_2017 Johanna Bergman, \u00d6backa LK, fr\u00e5n H\u00e4rn\u00f6sand tog sig snabbt upp bland t\u00e4ten fr\u00e5n start och passerade 50 miles p\u00e5 tiden 6h 53min vilket \u00e4r den snabbaste tiden f\u00f6r damer genom tiderna inom svensk l\u00f6pning, hon forts\u00e4tter att springa snabbt med korta stopp vid varvning och n\u00e4r\u2026","rel":"","context":"Similar post","block_context":{"text":"Similar post","link":""},"img":{"alt_text":"","src":"","width":0,"height":0},"classes":[]}],"_links":{"self":[{"href":"https:\/\/new.tec100.se\/index.php?rest_route=\/wp\/v2\/pages\/101"}],"collection":[{"href":"https:\/\/new.tec100.se\/index.php?rest_route=\/wp\/v2\/pages"}],"about":[{"href":"https:\/\/new.tec100.se\/index.php?rest_route=\/wp\/v2\/types\/page"}],"author":[{"embeddable":true,"href":"https:\/\/new.tec100.se\/index.php?rest_route=\/wp\/v2\/users\/1"}],"replies":[{"embeddable":true,"href":"https:\/\/new.tec100.se\/index.php?rest_route=%2Fwp%2Fv2%2Fcomments&post=101"}],"version-history":[{"count":5,"href":"https:\/\/new.tec100.se\/index.php?rest_route=\/wp\/v2\/pages\/101\/revisions"}],"predecessor-version":[{"id":1250,"href":"https:\/\/new.tec100.se\/index.php?rest_route=\/wp\/v2\/pages\/101\/revisions\/1250"}],"up":[{"embeddable":true,"href":"https:\/\/new.tec100.se\/index.php?rest_route=\/wp\/v2\/pages\/10"}],"wp:attachment":[{"href":"https:\/\/new.tec100.se\/index.php?rest_route=%2Fwp%2Fv2%2Fmedia&parent=101"}],"curies":[{"name":"wp","href":"https:\/\/api.w.org\/{rel}","templated":true}]}}